{"id":3813,"date":"2023-08-03T12:47:20","date_gmt":"2023-08-03T19:47:20","guid":{"rendered":"https:\/\/dieferlaw.com\/?page_id=3813"},"modified":"2024-07-25T04:01:22","modified_gmt":"2024-07-25T11:01:22","slug":"condiciones-de-uso","status":"publish","type":"page","link":"https:\/\/dieferlaw.com\/es\/condiciones-de-uso\/","title":{"rendered":"Condiciones de uso y exenci\u00f3n de responsabilidad"},"content":{"rendered":"<p>La informaci\u00f3n contenida en el sitio web Diefer Law Group se proporciona \u00fanicamente con fines informativos y no debe interpretarse como asesoramiento jur\u00eddico o una oferta para realizar servicios legales sobre cualquier tema. El contenido de este sitio web contiene informaci\u00f3n general y puede no reflejar desarrollos legales actuales, veredictos o acuerdos. Los destinatarios de los contenidos de este sitio, los clientes, los clientes potenciales bufete de abogados, o de otro tipo no debe actuar o abstenerse de actuar sobre la base de cualquier contenido incluido en el sitio sin buscar asesoramiento jur\u00eddico adecuado o de otro tipo de asesoramiento profesional sobre los hechos particulares y las circunstancias en cuesti\u00f3n de un abogado con licencia en el estado del destinatario. Diefer Law Group renuncia expresamente a toda responsabilidad con respecto a las acciones tomadas o no tomadas sobre la base de cualquier o toda la informaci\u00f3n u otros contenidos de este sitio. La transmisi\u00f3n de dieferlaw.com, en parte o en su totalidad, y \/ o la comunicaci\u00f3n con Diefer Law Group y cualquiera de sus afiliados a trav\u00e9s de texto, correo electr\u00f3nico, oa trav\u00e9s de este sitio no constituye ni crea una relaci\u00f3n de abogado-cliente entre cualquier cliente bufetes de abogados, Diefer Law Group, o cualquier destinatario. Diefer Law Group no compartir\u00e1 su informaci\u00f3n con ninguna organizaci\u00f3n de marketing y ventas de terceros. Nada de lo aqu\u00ed contenido pretende crear una relaci\u00f3n abogado-cliente o una relaci\u00f3n legal y no se interpretar\u00e1 como asesoramiento jur\u00eddico. No se trata de una oferta para representarle, ni pretende crear una relaci\u00f3n abogado-cliente. El contenido de cualquier correo electr\u00f3nico o SMS enviado a Diefer Law Group o cualquiera de sus empleados a las direcciones de correo electr\u00f3nico o n\u00fameros de SMS establecidos en este sitio web o mensajes de comunicaci\u00f3n, no crear\u00e1 una relaci\u00f3n abogado-cliente.<\/p>\n<p>Copyright \u00a9 2023 Diefer Law Group. Todos los derechos reservados. Todos los materiales presentados en el sitio o con derechos de autor y propiedad o derechos de uso por o para Diefer Law Group, otros individuos o entidades designadas. Cualquier republicaci\u00f3n, retransmisi\u00f3n, reproducci\u00f3n, descarga, almacenamiento o distribuci\u00f3n de la totalidad o parte de cualquier material que se encuentra en el sitio est\u00e1 expresamente prohibido.<\/p>\n<p>Ausencia de declaraciones. El material puede contener errores t\u00e9cnicos o tipogr\u00e1ficos. Diefer Law Group no garantiza su exactitud, integridad o idoneidad. En ning\u00fan caso Diefer Law Group o cualquiera de sus respectivos clientes bufete de abogados ser\u00e1 responsable de ning\u00fan da\u00f1o especial, indirecto o consecuente en relaci\u00f3n con este material para cualquier uso de este sitio web, o para cualquier otro sitio web hiperv\u00ednculo. Diefer Law Group o cualquiera de sus respectivos clientes bufete de abogados no asumen ninguna responsabilidad y no dan garant\u00eda alguna por el contenido o la informaci\u00f3n contenida en los sitios vinculados a o desde el sitio. Todos estos enlaces se proporcionan en este sitio web \u00fanicamente para la comodidad de los usuarios, y no representan ning\u00fan respaldo, publicidad o patrocinio de los sitios vinculados, o cualquier producto o servicio ofrecido.<\/p>","protected":false},"excerpt":{"rendered":"<p>The information contained in the Diefer Law Group website is provided for informational purposes only and should not be construed as legal advice or an offer to perform legal services on any subject matter. The content of this website contains general information and may not reflect current legal developments, verdicts, or settlements. Recipients of content [&hellip;]<\/p>\n","protected":false},"author":16,"featured_media":0,"parent":0,"menu_order":0,"comment_status":"closed","ping_status":"closed","template":"","meta":{"site-sidebar-layout":"default","site-content-layout":"default","ast-site-content-layout":"full-width-container","site-content-style":"default","site-sidebar-style":"default","ast-global-header-display":"","ast-banner-title-visibility":"","ast-main-header-display":"","ast-hfb-above-header-display":"","ast-hfb-below-header-display":"","ast-hfb-mobile-header-display":"","site-post-title":"","ast-breadcrumbs-content":"","ast-featured-img":"","footer-sml-layout":"","ast-disable-related-posts":"","theme-transparent-header-meta":"default","adv-header-id-meta":"","stick-header-meta":"default","header-above-stick-meta":"","header-main-stick-meta":"","header-below-stick-meta":"","astra-migrate-meta-layouts":"set","ast-page-background-enabled":"default","ast-page-background-meta":{"desktop":{"background-color":"","background-image":"","background-repeat":"repeat","background-position":"center center","background-size":"auto","background-attachment":"scroll","background-type":"","background-media":"","overlay-type":"","overlay-color":"","overlay-opacity":"","overlay-gradient":""},"tablet":{"background-color":"","background-image":"","background-repeat":"repeat","background-position":"center center","background-size":"auto","background-attachment":"scroll","background-type":"","background-media":"","overlay-type":"","overlay-color":"","overlay-opacity":"","overlay-gradient":""},"mobile":{"background-color":"","background-image":"","background-repeat":"repeat","background-position":"center center","background-size":"auto","background-attachment":"scroll","background-type":"","background-media":"","overlay-type":"","overlay-color":"","overlay-opacity":"","overlay-gradient":""}},"ast-content-background-meta":{"desktop":{"background-color":"var(--ast-global-color-5)","background-image":"","background-repeat":"repeat","background-position":"center center","background-size":"auto","background-attachment":"scroll","background-type":"","background-media":"","overlay-type":"","overlay-color":"","overlay-opacity":"","overlay-gradient":""},"tablet":{"background-color":"var(--ast-global-color-5)","background-image":"","background-repeat":"repeat","background-position":"center center","background-size":"auto","background-attachment":"scroll","background-type":"","background-media":"","overlay-type":"","overlay-color":"","overlay-opacity":"","overlay-gradient":""},"mobile":{"background-color":"var(--ast-global-color-5)","background-image":"","background-repeat":"repeat","background-position":"center center","background-size":"auto","background-attachment":"scroll","background-type":"","background-media":"","overlay-type":"","overlay-color":"","overlay-opacity":"","overlay-gradient":""}},"footnotes":""},"class_list":["post-3813","page","type-page","status-publish","hentry"],"_links":{"self":[{"href":"https:\/\/dieferlaw.com\/es\/wp-json\/wp\/v2\/pages\/3813","targetHints":{"allow":["GET"]}}],"collection":[{"href":"https:\/\/dieferlaw.com\/es\/wp-json\/wp\/v2\/pages"}],"about":[{"href":"https:\/\/dieferlaw.com\/es\/wp-json\/wp\/v2\/types\/page"}],"author":[{"embeddable":true,"href":"https:\/\/dieferlaw.com\/es\/wp-json\/wp\/v2\/users\/16"}],"replies":[{"embeddable":true,"href":"https:\/\/dieferlaw.com\/es\/wp-json\/wp\/v2\/comments?post=3813"}],"version-history":[{"count":0,"href":"https:\/\/dieferlaw.com\/es\/wp-json\/wp\/v2\/pages\/3813\/revisions"}],"wp:attachment":[{"href":"https:\/\/dieferlaw.com\/es\/wp-json\/wp\/v2\/media?parent=3813"}],"curies":[{"name":"wp","href":"https:\/\/api.w.org\/{rel}","templated":true}]}}